{"id":27,"date":"2016-11-10T14:55:30","date_gmt":"2016-11-10T13:55:30","guid":{"rendered":"http:\/\/www.yan-infoservices.com\/wpyis\/?page_id=27"},"modified":"2019-09-26T11:49:11","modified_gmt":"2019-09-26T09:49:11","slug":"edito","status":"publish","type":"page","link":"http:\/\/www.yan-infoservices.com\/wpyis\/","title":{"rendered":"Accueil"},"content":{"rendered":"<p><img loading=\"lazy\" class=\"size-full wp-image-42 alignnone\" src=\"http:\/\/www.yan-infoservices.com\/wpyis\/wp-content\/uploads\/2016\/11\/bienvenue.jpg\" alt=\"\" width=\"150\" height=\"81\" \/><\/p>\n<p style=\"text-align: left;\">Vous \u00eates sur le site Internet de la soci\u00e9t\u00e9 Yan Info Services, prestataire de services informatiques pour particuliers et professionnels.<\/p>\n<p>A votre service dans le bassin r\u00e9mois depuis 2003 !<\/p>\n<p>Sp\u00e9cialiste en maintenance \/ d\u00e9pannage \/ r\u00e9paration \/ conseil \/ assistance \/ installation.<\/p>\n<p>Vous retrouverez dans ce site une <a href=\"http:\/\/www.yan-infoservices.com\/wpyis\/presentation\/\">pr\u00e9sentation de l&rsquo;entreprise<\/a>, la liste de <a href=\"http:\/\/www.yan-infoservices.com\/wpyis\/services-informatiques\/\">nos services<\/a>, et la possibilit\u00e9 de nous <a href=\"http:\/\/www.yan-infoservices.com\/wpyis\/contactez-nous\/\">contacter<\/a> directement.<\/p>\n<p>Bon surf\u00a0 \ud83d\ude09<\/p>\n<p style=\"text-align: center;\"><em>Yann Bourdon<\/em><\/p>\n","protected":false},"excerpt":{"rendered":"<div class=\"mh-excerpt\"><p>Vous \u00eates sur le site Internet de la soci\u00e9t\u00e9 Yan Info Services, prestataire de services informatiques pour particuliers et professionnels. A votre service dans le bassin r\u00e9mois depuis 2003 ! Sp\u00e9cialiste en maintenance \/ d\u00e9pannage \/ r\u00e9paration \/ conseil \/ assistance \/ installation. Vous retrouverez dans ce site une pr\u00e9sentation <a class=\"mh-excerpt-more\" href=\"http:\/\/www.yan-infoservices.com\/wpyis\/\" title=\"Accueil\">[&#8230;]<\/a><\/p>\n<\/div>","protected":false},"author":1,"featured_media":0,"parent":0,"menu_order":0,"comment_status":"closed","ping_status":"closed","template":"","meta":[],"_links":{"self":[{"href":"http:\/\/www.yan-infoservices.com\/wpyis\/wp-json\/wp\/v2\/pages\/27"}],"collection":[{"href":"http:\/\/www.yan-infoservices.com\/wpyis\/wp-json\/wp\/v2\/pages"}],"about":[{"href":"http:\/\/www.yan-infoservices.com\/wpyis\/wp-json\/wp\/v2\/types\/page"}],"author":[{"embeddable":true,"href":"http:\/\/www.yan-infoservices.com\/wpyis\/wp-json\/wp\/v2\/users\/1"}],"replies":[{"embeddable":true,"href":"http:\/\/www.yan-infoservices.com\/wpyis\/wp-json\/wp\/v2\/comments?post=27"}],"version-history":[{"count":5,"href":"http:\/\/www.yan-infoservices.com\/wpyis\/wp-json\/wp\/v2\/pages\/27\/revisions"}],"predecessor-version":[{"id":126,"href":"http:\/\/www.yan-infoservices.com\/wpyis\/wp-json\/wp\/v2\/pages\/27\/revisions\/126"}],"wp:attachment":[{"href":"http:\/\/www.yan-infoservices.com\/wpyis\/wp-json\/wp\/v2\/media?parent=27"}],"curies":[{"name":"wp","href":"https:\/\/api.w.org\/{rel}","templated":true}]}}